{"id":3,"date":"2024-09-06T20:23:46","date_gmt":"2024-09-06T18:23:46","guid":{"rendered":"http:\/\/nitroglitzerine.com\/?page_id=3"},"modified":"2024-11-20T14:19:44","modified_gmt":"2024-11-20T13:19:44","slug":"datenschutzerklaerung","status":"publish","type":"page","link":"https:\/\/nitroglitzerine.com\/?page_id=3","title":{"rendered":"Datenschutzerkl\u00e4rung"},"content":{"rendered":"\t\t<div data-elementor-type=\"wp-page\" data-elementor-id=\"3\" class=\"elementor elementor-3\" data-elementor-post-type=\"page\">\n\t\t\t\t<div class=\"elementor-element elementor-element-a3839ae e-flex e-con-boxed wpr-particle-no wpr-jarallax-no wpr-parallax-no wpr-sticky-section-no e-con e-parent\" data-id=\"a3839ae\" data-element_type=\"container\" data-settings=\"{&quot;background_background&quot;:&quot;classic&quot;}\">\n\t\t\t\t\t<div class=\"e-con-inner\">\n\t\t\t\t<div class=\"elementor-element elementor-element-bfaa905 hfe-nav-menu__align-left hfe-submenu-icon-arrow hfe-submenu-animation-none hfe-link-redirect-child hfe-nav-menu__breakpoint-tablet elementor-widget elementor-widget-navigation-menu\" data-id=\"bfaa905\" data-element_type=\"widget\" data-settings=\"{&quot;padding_horizontal_menu_item&quot;:{&quot;unit&quot;:&quot;px&quot;,&quot;size&quot;:50,&quot;sizes&quot;:[]},&quot;padding_vertical_menu_item&quot;:{&quot;unit&quot;:&quot;px&quot;,&quot;size&quot;:25,&quot;sizes&quot;:[]},&quot;padding_horizontal_menu_item_tablet&quot;:{&quot;unit&quot;:&quot;px&quot;,&quot;size&quot;:&quot;&quot;,&quot;sizes&quot;:[]},&quot;padding_horizontal_menu_item_mobile&quot;:{&quot;unit&quot;:&quot;px&quot;,&quot;size&quot;:&quot;&quot;,&quot;sizes&quot;:[]},&quot;padding_vertical_menu_item_tablet&quot;:{&quot;unit&quot;:&quot;px&quot;,&quot;size&quot;:&quot;&quot;,&quot;sizes&quot;:[]},&quot;padding_vertical_menu_item_mobile&quot;:{&quot;unit&quot;:&quot;px&quot;,&quot;size&quot;:&quot;&quot;,&quot;sizes&quot;:[]},&quot;menu_space_between&quot;:{&quot;unit&quot;:&quot;px&quot;,&quot;size&quot;:&quot;&quot;,&quot;sizes&quot;:[]},&quot;menu_space_between_tablet&quot;:{&quot;unit&quot;:&quot;px&quot;,&quot;size&quot;:&quot;&quot;,&quot;sizes&quot;:[]},&quot;menu_space_between_mobile&quot;:{&quot;unit&quot;:&quot;px&quot;,&quot;size&quot;:&quot;&quot;,&quot;sizes&quot;:[]},&quot;menu_row_space&quot;:{&quot;unit&quot;:&quot;px&quot;,&quot;size&quot;:&quot;&quot;,&quot;sizes&quot;:[]},&quot;menu_row_space_tablet&quot;:{&quot;unit&quot;:&quot;px&quot;,&quot;size&quot;:&quot;&quot;,&quot;sizes&quot;:[]},&quot;menu_row_space_mobile&quot;:{&quot;unit&quot;:&quot;px&quot;,&quot;size&quot;:&quot;&quot;,&quot;sizes&quot;:[]},&quot;dropdown_border_radius&quot;:{&quot;unit&quot;:&quot;px&quot;,&quot;top&quot;:&quot;&quot;,&quot;right&quot;:&quot;&quot;,&quot;bottom&quot;:&quot;&quot;,&quot;left&quot;:&quot;&quot;,&quot;isLinked&quot;:true},&quot;dropdown_border_radius_tablet&quot;:{&quot;unit&quot;:&quot;px&quot;,&quot;top&quot;:&quot;&quot;,&quot;right&quot;:&quot;&quot;,&quot;bottom&quot;:&quot;&quot;,&quot;left&quot;:&quot;&quot;,&quot;isLinked&quot;:true},&quot;dropdown_border_radius_mobile&quot;:{&quot;unit&quot;:&quot;px&quot;,&quot;top&quot;:&quot;&quot;,&quot;right&quot;:&quot;&quot;,&quot;bottom&quot;:&quot;&quot;,&quot;left&quot;:&quot;&quot;,&quot;isLinked&quot;:true},&quot;width_dropdown_item&quot;:{&quot;unit&quot;:&quot;px&quot;,&quot;size&quot;:&quot;220&quot;,&quot;sizes&quot;:[]},&quot;width_dropdown_item_tablet&quot;:{&quot;unit&quot;:&quot;px&quot;,&quot;size&quot;:&quot;&quot;,&quot;sizes&quot;:[]},&quot;width_dropdown_item_mobile&quot;:{&quot;unit&quot;:&quot;px&quot;,&quot;size&quot;:&quot;&quot;,&quot;sizes&quot;:[]},&quot;padding_horizontal_dropdown_item&quot;:{&quot;unit&quot;:&quot;px&quot;,&quot;size&quot;:&quot;&quot;,&quot;sizes&quot;:[]},&quot;padding_horizontal_dropdown_item_tablet&quot;:{&quot;unit&quot;:&quot;px&quot;,&quot;size&quot;:&quot;&quot;,&quot;sizes&quot;:[]},&quot;padding_horizontal_dropdown_item_mobile&quot;:{&quot;unit&quot;:&quot;px&quot;,&quot;size&quot;:&quot;&quot;,&quot;sizes&quot;:[]},&quot;padding_vertical_dropdown_item&quot;:{&quot;unit&quot;:&quot;px&quot;,&quot;size&quot;:15,&quot;sizes&quot;:[]},&quot;padding_vertical_dropdown_item_tablet&quot;:{&quot;unit&quot;:&quot;px&quot;,&quot;size&quot;:&quot;&quot;,&quot;sizes&quot;:[]},&quot;padding_vertical_dropdown_item_mobile&quot;:{&quot;unit&quot;:&quot;px&quot;,&quot;size&quot;:&quot;&quot;,&quot;sizes&quot;:[]},&quot;distance_from_menu&quot;:{&quot;unit&quot;:&quot;px&quot;,&quot;size&quot;:&quot;&quot;,&quot;sizes&quot;:[]},&quot;distance_from_menu_tablet&quot;:{&quot;unit&quot;:&quot;px&quot;,&quot;size&quot;:&quot;&quot;,&quot;sizes&quot;:[]},&quot;distance_from_menu_mobile&quot;:{&quot;unit&quot;:&quot;px&quot;,&quot;size&quot;:&quot;&quot;,&quot;sizes&quot;:[]},&quot;toggle_size&quot;:{&quot;unit&quot;:&quot;px&quot;,&quot;size&quot;:&quot;&quot;,&quot;sizes&quot;:[]},&quot;toggle_size_tablet&quot;:{&quot;unit&quot;:&quot;px&quot;,&quot;size&quot;:&quot;&quot;,&quot;sizes&quot;:[]},&quot;toggle_size_mobile&quot;:{&quot;unit&quot;:&quot;px&quot;,&quot;size&quot;:&quot;&quot;,&quot;sizes&quot;:[]},&quot;toggle_border_width&quot;:{&quot;unit&quot;:&quot;px&quot;,&quot;size&quot;:&quot;&quot;,&quot;sizes&quot;:[]},&quot;toggle_border_width_tablet&quot;:{&quot;unit&quot;:&quot;px&quot;,&quot;size&quot;:&quot;&quot;,&quot;sizes&quot;:[]},&quot;toggle_border_width_mobile&quot;:{&quot;unit&quot;:&quot;px&quot;,&quot;size&quot;:&quot;&quot;,&quot;sizes&quot;:[]},&quot;toggle_border_radius&quot;:{&quot;unit&quot;:&quot;px&quot;,&quot;size&quot;:&quot;&quot;,&quot;sizes&quot;:[]},&quot;toggle_border_radius_tablet&quot;:{&quot;unit&quot;:&quot;px&quot;,&quot;size&quot;:&quot;&quot;,&quot;sizes&quot;:[]},&quot;toggle_border_radius_mobile&quot;:{&quot;unit&quot;:&quot;px&quot;,&quot;size&quot;:&quot;&quot;,&quot;sizes&quot;:[]}}\" data-widget_type=\"navigation-menu.default\">\n\t\t\t\t<div class=\"elementor-widget-container\">\n\t\t\t\t\t\t<div class=\"hfe-nav-menu hfe-layout-horizontal hfe-nav-menu-layout horizontal hfe-pointer__underline hfe-animation__fade\" data-layout=\"horizontal\">\n\t\t\t\t<div role=\"button\" class=\"hfe-nav-menu__toggle elementor-clickable\">\n\t\t\t\t\t<span class=\"screen-reader-text\">Men\u00fc<\/span>\n\t\t\t\t\t<div class=\"hfe-nav-menu-icon\">\n\t\t\t\t\t\t<svg aria-hidden=\"true\"  class=\"e-font-icon-svg e-fas-align-justify\" viewBox=\"0 0 448 512\" xmlns=\"http:\/\/www.w3.org\/2000\/svg\"><path d=\"M432 416H16a16 16 0 0 0-16 16v32a16 16 0 0 0 16 16h416a16 16 0 0 0 16-16v-32a16 16 0 0 0-16-16zm0-128H16a16 16 0 0 0-16 16v32a16 16 0 0 0 16 16h416a16 16 0 0 0 16-16v-32a16 16 0 0 0-16-16zm0-128H16a16 16 0 0 0-16 16v32a16 16 0 0 0 16 16h416a16 16 0 0 0 16-16v-32a16 16 0 0 0-16-16zm0-128H16A16 16 0 0 0 0 48v32a16 16 0 0 0 16 16h416a16 16 0 0 0 16-16V48a16 16 0 0 0-16-16z\"><\/path><\/svg>\t\t\t\t\t<\/div>\n\t\t\t\t<\/div>\n\t\t\t\t<nav class=\"hfe-nav-menu__layout-horizontal hfe-nav-menu__submenu-arrow\" data-toggle-icon=\"&lt;svg aria-hidden=&quot;true&quot; tabindex=&quot;0&quot; class=&quot;e-font-icon-svg e-fas-align-justify&quot; viewBox=&quot;0 0 448 512&quot; xmlns=&quot;http:\/\/www.w3.org\/2000\/svg&quot;&gt;&lt;path d=&quot;M432 416H16a16 16 0 0 0-16 16v32a16 16 0 0 0 16 16h416a16 16 0 0 0 16-16v-32a16 16 0 0 0-16-16zm0-128H16a16 16 0 0 0-16 16v32a16 16 0 0 0 16 16h416a16 16 0 0 0 16-16v-32a16 16 0 0 0-16-16zm0-128H16a16 16 0 0 0-16 16v32a16 16 0 0 0 16 16h416a16 16 0 0 0 16-16v-32a16 16 0 0 0-16-16zm0-128H16A16 16 0 0 0 0 48v32a16 16 0 0 0 16 16h416a16 16 0 0 0 16-16V48a16 16 0 0 0-16-16z&quot;&gt;&lt;\/path&gt;&lt;\/svg&gt;\" data-close-icon=\"&lt;svg aria-hidden=&quot;true&quot; tabindex=&quot;0&quot; class=&quot;e-font-icon-svg e-far-window-close&quot; viewBox=&quot;0 0 512 512&quot; xmlns=&quot;http:\/\/www.w3.org\/2000\/svg&quot;&gt;&lt;path d=&quot;M464 32H48C21.5 32 0 53.5 0 80v352c0 26.5 21.5 48 48 48h416c26.5 0 48-21.5 48-48V80c0-26.5-21.5-48-48-48zm0 394c0 3.3-2.7 6-6 6H54c-3.3 0-6-2.7-6-6V86c0-3.3 2.7-6 6-6h404c3.3 0 6 2.7 6 6v340zM356.5 194.6L295.1 256l61.4 61.4c4.6 4.6 4.6 12.1 0 16.8l-22.3 22.3c-4.6 4.6-12.1 4.6-16.8 0L256 295.1l-61.4 61.4c-4.6 4.6-12.1 4.6-16.8 0l-22.3-22.3c-4.6-4.6-4.6-12.1 0-16.8l61.4-61.4-61.4-61.4c-4.6-4.6-4.6-12.1 0-16.8l22.3-22.3c4.6-4.6 12.1-4.6 16.8 0l61.4 61.4 61.4-61.4c4.6-4.6 12.1-4.6 16.8 0l22.3 22.3c4.7 4.6 4.7 12.1 0 16.8z&quot;&gt;&lt;\/path&gt;&lt;\/svg&gt;\" data-full-width=\"yes\">\n\t\t\t\t\t<ul id=\"menu-1-bfaa905\" class=\"hfe-nav-menu\"><li id=\"menu-item-177\" class=\"menu-item menu-item-type-post_type menu-item-object-page menu-item-home parent hfe-creative-menu\"><a href=\"https:\/\/nitroglitzerine.com\/\" class = \"hfe-menu-item\">Home<\/a><\/li>\n<li id=\"menu-item-180\" class=\"menu-item menu-item-type-post_type menu-item-object-page parent hfe-creative-menu\"><a href=\"https:\/\/nitroglitzerine.com\/?page_id=142\" class = \"hfe-menu-item\">Workshops<\/a><\/li>\n<li id=\"menu-item-178\" class=\"menu-item menu-item-type-post_type menu-item-object-page parent hfe-creative-menu\"><a href=\"https:\/\/nitroglitzerine.com\/?page_id=150\" class = \"hfe-menu-item\">\u00dcber uns<\/a><\/li>\n<li id=\"menu-item-179\" class=\"menu-item menu-item-type-post_type menu-item-object-page parent hfe-creative-menu\"><a href=\"https:\/\/nitroglitzerine.com\/?page_id=124\" class = \"hfe-menu-item\">Kontakt<\/a><\/li>\n<\/ul> \n\t\t\t\t<\/nav>\n\t\t\t<\/div>\n\t\t\t\t\t<\/div>\n\t\t\t\t<\/div>\n\t\t\t\t\t<\/div>\n\t\t\t\t<\/div>\n\t\t<div class=\"elementor-element elementor-element-d10bf2a e-flex e-con-boxed wpr-particle-no wpr-jarallax-no wpr-parallax-no wpr-sticky-section-no e-con e-parent\" data-id=\"d10bf2a\" data-element_type=\"container\">\n\t\t\t\t\t<div class=\"e-con-inner\">\n\t\t\t\t<div class=\"elementor-element elementor-element-ac8d0e3 elementor-widget elementor-widget-spacer\" data-id=\"ac8d0e3\" data-element_type=\"widget\" data-widget_type=\"spacer.default\">\n\t\t\t\t<div class=\"elementor-widget-container\">\n\t\t\t\t\t<div class=\"elementor-spacer\">\n\t\t\t<div class=\"elementor-spacer-inner\"><\/div>\n\t\t<\/div>\n\t\t\t\t<\/div>\n\t\t\t\t<\/div>\n\t\t\t\t\t<\/div>\n\t\t\t\t<\/div>\n\t\t<div class=\"elementor-element elementor-element-72a0a2d e-flex e-con-boxed wpr-particle-no wpr-jarallax-no wpr-parallax-no wpr-sticky-section-no e-con e-parent\" data-id=\"72a0a2d\" data-element_type=\"container\">\n\t\t\t\t\t<div class=\"e-con-inner\">\n\t\t\t\t<div class=\"elementor-element elementor-element-c9efc8a elementor-widget elementor-widget-heading\" data-id=\"c9efc8a\" data-element_type=\"widget\" data-widget_type=\"heading.default\">\n\t\t\t\t<div class=\"elementor-widget-container\">\n\t\t\t<h3 class=\"elementor-heading-title elementor-size-default\">Datenschutzerkl\u00e4rung<\/h3>\t\t<\/div>\n\t\t\t\t<\/div>\n\t\t\t\t\t<\/div>\n\t\t\t\t<\/div>\n\t\t<div class=\"elementor-element elementor-element-af1663b e-flex e-con-boxed wpr-particle-no wpr-jarallax-no wpr-parallax-no wpr-sticky-section-no e-con e-parent\" data-id=\"af1663b\" data-element_type=\"container\">\n\t\t\t\t\t<div class=\"e-con-inner\">\n\t\t\t\t<div class=\"elementor-element elementor-element-5ff9a0b elementor-widget elementor-widget-spacer\" data-id=\"5ff9a0b\" data-element_type=\"widget\" data-widget_type=\"spacer.default\">\n\t\t\t\t<div class=\"elementor-widget-container\">\n\t\t\t\t\t<div class=\"elementor-spacer\">\n\t\t\t<div class=\"elementor-spacer-inner\"><\/div>\n\t\t<\/div>\n\t\t\t\t<\/div>\n\t\t\t\t<\/div>\n\t\t\t\t\t<\/div>\n\t\t\t\t<\/div>\n\t\t<div class=\"elementor-element elementor-element-36b9e50a e-flex e-con-boxed wpr-particle-no wpr-jarallax-no wpr-parallax-no wpr-sticky-section-no e-con e-parent\" data-id=\"36b9e50a\" data-element_type=\"container\">\n\t\t\t\t\t<div class=\"e-con-inner\">\n\t\t\t\t<div class=\"elementor-element elementor-element-3a227837 elementor-widget elementor-widget-text-editor\" data-id=\"3a227837\" data-element_type=\"widget\" data-widget_type=\"text-editor.default\">\n\t\t\t\t<div class=\"elementor-widget-container\">\n\t\t\t\t\t\t\t<!-- wp:heading -->\n<p><strong>Datenschutzerkl\u00e4rung<\/strong><\/p>\n<p>In dieser Datenschutzerkl\u00e4rung wird beschrieben, wie Ihre personenbezogenen Daten erfasst, verwendet und weitergegeben werden, wenn Sie die Website <strong><a href=\"http:\/\/www.nitro-space.art\" target=\"_new\" rel=\"noopener\">www.nitro-space.art<\/a><\/strong> (die &#8222;Website&#8220;) besuchen oder mit ihr interagieren.<\/p>\n<p><strong>Von uns erfasste personenbezogene Daten<\/strong><\/p>\n<p>Wenn Sie die Website besuchen, erfassen wir automatisch bestimmte Informationen \u00fcber Ihr Ger\u00e4t, darunter Informationen zum Webbrowser, die IP-Adresse, die Zeitzone und einige der Cookies, die auf Ihrem Ger\u00e4t installiert sind. Wenn Sie auf der Website navigieren, erfassen wir au\u00dferdem Informationen zu den einzelnen Seiten, die Sie besuchen, zu den Websites oder Suchbegriffen, die Sie auf die Website gef\u00fchrt haben, sowie Informationen dar\u00fcber, wie Sie mit der Website interagieren. Diese automatisch erfassten Informationen bezeichnen wir als \u201eGer\u00e4teinformationen\u201c.<\/p>\n<p>Wir erfassen Ger\u00e4teinformationen mithilfe der folgenden Technologien:<\/p>\n<ul>\n<li><strong>&#8222;Cookies&#8220;<\/strong> sind Datendateien, die auf Ihrem Ger\u00e4t oder Computer gespeichert werden und h\u00e4ufig eine anonyme eindeutige Kennung enthalten. Weitere Informationen zu Cookies und zum Deaktivieren von Cookies finden Sie unter <a href=\"https:\/\/www.allaboutcookies.org\" target=\"_new\" rel=\"noopener\">www.allaboutcookies.org<\/a>.<\/li>\n<li><strong>&#8222;Protokolldateien&#8220;<\/strong> protokollieren Aktionen auf der Website und erfassen Daten wie IP-Adresse, Browsertyp, Internetdienstanbieter, verweisende Seiten und Ausstiegsseiten sowie Datums- und Zeitstempel.<\/li>\n<li><strong>&#8222;Web Beacons&#8220;, &#8222;Tags&#8220; und &#8222;Pixel&#8220;<\/strong> sind elektronische Dateien, die Informationen dar\u00fcber aufzeichnen, wie Sie auf der Website navigieren.<\/li>\n<\/ul>\n<p><strong>Wie verwenden wir Ihre personenbezogenen Daten?<\/strong><\/p>\n<p>Wir verwenden die erfassten Ger\u00e4teinformationen, um:<\/p>\n<ul>\n<li>Potenzielle Risiken und Betrug zu erkennen (insbesondere Ihre IP-Adresse);<\/li>\n<li>Die Website zu verbessern und zu optimieren (zum Beispiel durch die Erstellung von Analysen dar\u00fcber, wie unsere Besucher auf der Website navigieren und interagieren);<\/li>\n<li>Den Erfolg unserer Marketing- und Werbekampagnen zu bewerten.<\/li>\n<\/ul>\n<p><strong>Weitergabe Ihrer personenbezogenen Daten<\/strong><\/p>\n<p>Wir geben Ihre personenbezogenen Daten an Dritte weiter, um uns bei der Verwendung Ihrer personenbezogenen Daten, wie oben beschrieben, zu unterst\u00fctzen. Zum Beispiel nutzen wir Google Analytics, um zu verstehen, wie unsere Besucher die Website nutzen. Weitere Informationen dazu, wie Google Ihre personenbezogenen Daten verwendet, finden Sie hier: <a target=\"_new\" rel=\"noopener\">www.google.com\/intl\/de\/policies\/privacy\/<\/a>.<\/p>\n<p>Sie k\u00f6nnen Google Analytics hier deaktivieren: <a target=\"_new\" rel=\"noopener\">tools.google.com\/dlpage\/gaoptout<\/a>.<\/p>\n<p>Wir k\u00f6nnen Ihre personenbezogenen Daten auch weitergeben, um geltende Gesetze und Vorschriften einzuhalten, um auf Vorladungen, Durchsuchungsbefehle oder andere rechtm\u00e4\u00dfige Anfragen nach Informationen, die wir erhalten, zu reagieren, oder um unsere Rechte zu sch\u00fctzen.<\/p>\n<p><strong>Verhaltensbasierte Werbung<\/strong><\/p>\n<p>Wie oben beschrieben, verwenden wir Ihre personenbezogenen Daten, um Ihnen gezielte Werbung oder Marketingmitteilungen zukommen zu lassen, von denen wir glauben, dass sie f\u00fcr Sie von Interesse sein k\u00f6nnten. Weitere Informationen dar\u00fcber, wie zielgerichtete Werbung funktioniert, finden Sie auf der Aufkl\u00e4rungsseite der Network Advertising Initiative (\u201eNAI\u201c) unter: <a href=\"https:\/\/www.networkadvertising.org\/understanding-online-advertising\/how-does-it-work\" target=\"_new\" rel=\"noopener\">www.networkadvertising.org\/understanding-online-advertising\/how-does-it-work<\/a>.<\/p>\n<p>Sie k\u00f6nnen zielgerichtete Werbung hier deaktivieren:<\/p>\n<ul>\n<li>Facebook: <a href=\"https:\/\/www.facebook.com\/settings\/?tab=ads\" target=\"_new\" rel=\"noopener\">www.facebook.com\/settings\/?tab=ads<\/a><\/li>\n<li>Google: <a href=\"https:\/\/www.google.com\/settings\/ads\/anonymous\" target=\"_new\" rel=\"noopener\">www.google.com\/settings\/ads\/anonymous<\/a><\/li>\n<li>Bing: <a href=\"https:\/\/advertise.bingads.microsoft.com\/en-us\/resources\/policies\/personalized-ads\" target=\"_new\" rel=\"noopener\">advertise.bingads.microsoft.com\/en-us\/resources\/policies\/personalized-ads<\/a><\/li>\n<\/ul>\n<p>Zus\u00e4tzlich k\u00f6nnen Sie einige dieser Dienste \u00fcber das Opt-out-Portal der Digital Advertising Alliance deaktivieren: <a href=\"https:\/\/optout.aboutads.info\" target=\"_new\" rel=\"noopener\">optout.aboutads.info<\/a>.<\/p>\n<p><strong>Do Not Track<\/strong><\/p>\n<p>Bitte beachten Sie, dass wir die Datenerfassungs- und Nutzungsverfahren unserer Website nicht \u00e4ndern, wenn wir ein \u201eDo Not Track\u201c-Signal von Ihrem Browser empfangen.<\/p>\n<p><strong>Ihre Rechte<\/strong><\/p>\n<p>Wenn Sie in der EU ans\u00e4ssig sind, haben Sie das Recht, auf die personenbezogenen Daten, die wir \u00fcber Sie speichern, zuzugreifen und deren Berichtigung, Aktualisierung oder L\u00f6schung zu verlangen. Wenn Sie dieses Recht aus\u00fcben m\u00f6chten, kontaktieren Sie uns bitte \u00fcber die unten stehenden Kontaktdaten.<\/p>\n<p>Dar\u00fcber hinaus weisen wir darauf hin, dass wir Ihre Daten verarbeiten, um legitime Gesch\u00e4ftsinteressen zu verfolgen, die oben beschrieben sind.<\/p>\n<p><strong>Aufbewahrung von Daten<\/strong><\/p>\n<p>Wir bewahren die erfassten Informationen auf, solange dies f\u00fcr die in dieser Datenschutzerkl\u00e4rung genannten Zwecke erforderlich ist, es sei denn, wir sind gesetzlich verpflichtet, diese l\u00e4nger aufzubewahren.<\/p>\n<p><strong>\u00c4nderungen<\/strong><\/p>\n<p>Wir k\u00f6nnen diese Datenschutzerkl\u00e4rung von Zeit zu Zeit aktualisieren, um \u00c4nderungen unserer Praktiken oder aus anderen betrieblichen, rechtlichen oder regulatorischen Gr\u00fcnden zu ber\u00fccksichtigen.<\/p>\n<p><strong>Kontakt<\/strong><\/p>\n<p>F\u00fcr weitere Informationen zu unseren Datenschutzpraktiken, wenn Sie Fragen haben oder eine Beschwerde einreichen m\u00f6chten, kontaktieren Sie uns per E-Mail unter <strong><a rel=\"noopener\">hallo@nitro-space.art<\/a><\/strong> oder per Post unter:<\/p>\n<p><strong>Friedrich-Engels-Allee 171,<br \/>42285 Wuppertal, Deutschland<\/strong><\/p>\t\t\t\t\t\t<\/div>\n\t\t\t\t<\/div>\n\t\t\t\t\t<\/div>\n\t\t\t\t<\/div>\n\t\t\t\t<\/div>\n\t\t","protected":false},"excerpt":{"rendered":"<p>Men\u00fc Home Workshops \u00dcber uns Kontakt Datenschutzerkl\u00e4rung Datenschutzerkl\u00e4rung In dieser Datenschutzerkl\u00e4rung wird beschrieben, wie Ihre personenbezogenen Daten erfasst, verwendet und weitergegeben werden, wenn Sie die Website www.nitro-space.art (die &#8222;Website&#8220;) besuchen oder mit ihr interagieren. Von uns erfasste personenbezogene Daten Wenn Sie die Website besuchen, erfassen wir automatisch bestimmte Informationen \u00fcber Ihr Ger\u00e4t, darunter Informationen zum Webbrowser, die IP-Adresse, die Zeitzone und einige der Cookies, die auf Ihrem Ger\u00e4t installiert sind. Wenn Sie auf der Website navigieren, erfassen wir au\u00dferdem Informationen zu den einzelnen Seiten, die Sie besuchen, zu den Websites oder Suchbegriffen, die Sie auf die Website gef\u00fchrt haben, sowie Informationen dar\u00fcber, wie Sie mit der Website interagieren. Diese automatisch erfassten Informationen bezeichnen wir als \u201eGer\u00e4teinformationen\u201c. Wir erfassen Ger\u00e4teinformationen mithilfe der folgenden Technologien: &#8222;Cookies&#8220; sind Datendateien, die auf Ihrem Ger\u00e4t oder Computer gespeichert werden und h\u00e4ufig eine anonyme eindeutige Kennung enthalten. Weitere Informationen zu Cookies und zum Deaktivieren von Cookies finden Sie unter www.allaboutcookies.org. &#8222;Protokolldateien&#8220; protokollieren Aktionen auf der Website und erfassen Daten wie IP-Adresse, Browsertyp, Internetdienstanbieter, verweisende Seiten und Ausstiegsseiten sowie Datums- und Zeitstempel. &#8222;Web Beacons&#8220;, &#8222;Tags&#8220; und &#8222;Pixel&#8220; sind elektronische Dateien, die Informationen dar\u00fcber aufzeichnen, wie Sie auf der Website navigieren. Wie verwenden wir Ihre personenbezogenen Daten? Wir verwenden die erfassten Ger\u00e4teinformationen, um: Potenzielle Risiken und Betrug zu erkennen (insbesondere Ihre IP-Adresse); Die Website zu verbessern und zu optimieren (zum Beispiel durch die Erstellung von Analysen dar\u00fcber, wie unsere Besucher auf der Website navigieren und interagieren); Den Erfolg unserer Marketing- und Werbekampagnen zu bewerten. Weitergabe Ihrer personenbezogenen Daten Wir geben Ihre personenbezogenen Daten an Dritte weiter, um uns bei der Verwendung Ihrer personenbezogenen Daten, wie oben beschrieben, zu unterst\u00fctzen. Zum Beispiel nutzen wir Google Analytics, um zu verstehen, wie unsere Besucher die Website nutzen. Weitere Informationen dazu, wie Google Ihre personenbezogenen Daten verwendet, finden Sie hier: www.google.com\/intl\/de\/policies\/privacy\/. Sie k\u00f6nnen Google Analytics hier deaktivieren: tools.google.com\/dlpage\/gaoptout. Wir k\u00f6nnen Ihre personenbezogenen Daten auch weitergeben, um geltende Gesetze und Vorschriften einzuhalten, um auf Vorladungen, Durchsuchungsbefehle oder andere rechtm\u00e4\u00dfige Anfragen nach Informationen, die wir erhalten, zu reagieren, oder um unsere Rechte zu sch\u00fctzen. Verhaltensbasierte Werbung Wie oben beschrieben, verwenden wir Ihre personenbezogenen Daten, um Ihnen gezielte Werbung oder Marketingmitteilungen zukommen zu lassen, von denen wir glauben, dass sie f\u00fcr Sie von Interesse sein k\u00f6nnten. Weitere Informationen dar\u00fcber, wie zielgerichtete Werbung funktioniert, finden Sie auf der Aufkl\u00e4rungsseite der Network Advertising Initiative (\u201eNAI\u201c) unter: www.networkadvertising.org\/understanding-online-advertising\/how-does-it-work. Sie k\u00f6nnen zielgerichtete Werbung hier deaktivieren: Facebook: www.facebook.com\/settings\/?tab=ads Google: www.google.com\/settings\/ads\/anonymous Bing: advertise.bingads.microsoft.com\/en-us\/resources\/policies\/personalized-ads Zus\u00e4tzlich k\u00f6nnen Sie einige dieser Dienste \u00fcber das Opt-out-Portal der Digital Advertising Alliance deaktivieren: optout.aboutads.info. Do Not Track Bitte beachten Sie, dass wir die Datenerfassungs- und Nutzungsverfahren unserer Website nicht \u00e4ndern, wenn wir ein \u201eDo Not Track\u201c-Signal von Ihrem Browser empfangen. Ihre Rechte Wenn Sie in der EU ans\u00e4ssig sind, haben Sie das Recht, auf die personenbezogenen Daten, die wir \u00fcber Sie speichern, zuzugreifen und deren Berichtigung, Aktualisierung oder L\u00f6schung zu verlangen. Wenn Sie dieses Recht aus\u00fcben m\u00f6chten, kontaktieren Sie uns bitte \u00fcber die unten stehenden Kontaktdaten. Dar\u00fcber hinaus weisen wir darauf hin, dass wir Ihre Daten verarbeiten, um legitime Gesch\u00e4ftsinteressen zu verfolgen, die oben beschrieben sind. Aufbewahrung von Daten Wir bewahren die erfassten Informationen auf, solange dies f\u00fcr die in dieser Datenschutzerkl\u00e4rung genannten Zwecke erforderlich ist, es sei denn, wir sind gesetzlich verpflichtet, diese l\u00e4nger aufzubewahren. \u00c4nderungen Wir k\u00f6nnen diese Datenschutzerkl\u00e4rung von Zeit zu Zeit aktualisieren, um \u00c4nderungen unserer Praktiken oder aus anderen betrieblichen, rechtlichen oder regulatorischen Gr\u00fcnden zu ber\u00fccksichtigen. Kontakt F\u00fcr weitere Informationen zu unseren Datenschutzpraktiken, wenn Sie Fragen haben oder eine Beschwerde einreichen m\u00f6chten, kontaktieren Sie uns per E-Mail unter hallo@nitro-space.art oder per Post unter: Friedrich-Engels-Allee 171,42285 Wuppertal, Deutschland<\/p>\n","protected":false},"author":1,"featured_media":0,"parent":0,"menu_order":0,"comment_status":"closed","ping_status":"open","template":"elementor_canvas","meta":{"footnotes":""},"class_list":["post-3","page","type-page","status-publish","hentry"],"_links":{"self":[{"href":"https:\/\/nitroglitzerine.com\/index.php?rest_route=\/wp\/v2\/pages\/3","targetHints":{"allow":["GET"]}}],"collection":[{"href":"https:\/\/nitroglitzerine.com\/index.php?rest_route=\/wp\/v2\/pages"}],"about":[{"href":"https:\/\/nitroglitzerine.com\/index.php?rest_route=\/wp\/v2\/types\/page"}],"author":[{"embeddable":true,"href":"https:\/\/nitroglitzerine.com\/index.php?rest_route=\/wp\/v2\/users\/1"}],"replies":[{"embeddable":true,"href":"https:\/\/nitroglitzerine.com\/index.php?rest_route=%2Fwp%2Fv2%2Fcomments&post=3"}],"version-history":[{"count":6,"href":"https:\/\/nitroglitzerine.com\/index.php?rest_route=\/wp\/v2\/pages\/3\/revisions"}],"predecessor-version":[{"id":616,"href":"https:\/\/nitroglitzerine.com\/index.php?rest_route=\/wp\/v2\/pages\/3\/revisions\/616"}],"wp:attachment":[{"href":"https:\/\/nitroglitzerine.com\/index.php?rest_route=%2Fwp%2Fv2%2Fmedia&parent=3"}],"curies":[{"name":"wp","href":"https:\/\/api.w.org\/{rel}","templated":true}]}}